{"id":18,"date":"2025-12-10T16:29:57","date_gmt":"2025-12-10T16:29:57","guid":{"rendered":"https:\/\/lgtautotrasporti.it\/?page_id=18"},"modified":"2026-04-17T17:03:50","modified_gmt":"2026-04-17T17:03:50","slug":"home","status":"publish","type":"page","link":"https:\/\/lgtautotrasporti.it\/","title":{"rendered":"Home"},"content":{"rendered":"\t\t<div data-elementor-type=\"wp-page\" data-elementor-id=\"18\" class=\"elementor elementor-18\">\n\t\t\t\t<div class=\"elementor-element elementor-element-ec203fc e-flex e-con-boxed e-con e-parent\" data-id=\"ec203fc\" data-element_type=\"container\" data-settings=\"{&quot;background_background&quot;:&quot;video&quot;,&quot;background_video_link&quot;:&quot;https:\\\/\\\/lgtautotrasporti.it\\\/wp-content\\\/uploads\\\/2026\\\/02\\\/CLIP-La-Spezia-130524_HD.mp4&quot;,&quot;background_play_on_mobile&quot;:&quot;yes&quot;,&quot;background_video_start&quot;:0,&quot;background_video_end&quot;:0}\">\n\t\t\t\t\t<div class=\"e-con-inner\">\n\t\t<div class=\"elementor-background-video-container\" aria-hidden=\"true\">\n\t\t\t\t\t\t\t<video class=\"elementor-background-video-hosted\" autoplay muted playsinline loop><\/video>\n\t\t\t\t\t<\/div>\t\t<div class=\"elementor-element elementor-element-0329f98 elementor-widget__width-initial elementor-widget elementor-widget-heading\" data-id=\"0329f98\" data-element_type=\"widget\" data-widget_type=\"heading.default\">\n\t\t\t\t\t<h2 class=\"elementor-heading-title elementor-size-default\">Il futuro del trasporto passa da efficienza e sostenibilit\u00e0<\/h2>\t\t\t\t<\/div>\n\t\t\t\t<div class=\"elementor-element elementor-element-980d449 elementor-widget elementor-widget-spacer\" data-id=\"980d449\" data-element_type=\"widget\" data-widget_type=\"spacer.default\">\n\t\t\t\t\t\t\t<div class=\"elementor-spacer\">\n\t\t\t<div class=\"elementor-spacer-inner\"><\/div>\n\t\t<\/div>\n\t\t\t\t\t\t<\/div>\n\t\t\t\t\t<\/div>\n\t\t\t\t<\/div>\n\t\t<div class=\"elementor-element elementor-element-12f49e9a e-flex e-con-boxed e-con e-parent\" data-id=\"12f49e9a\" data-element_type=\"container\">\n\t\t\t\t\t<div class=\"e-con-inner\">\n\t\t<div class=\"elementor-element elementor-element-3113f2f8 e-flex e-con-boxed e-con e-child\" data-id=\"3113f2f8\" data-element_type=\"container\">\n\t\t\t\t\t<div class=\"e-con-inner\">\n\t\t\t\t<div class=\"elementor-element elementor-element-de1b9b8 elementor-widget elementor-widget-heading\" data-id=\"de1b9b8\" data-element_type=\"widget\" data-widget_type=\"heading.default\">\n\t\t\t\t\t<h5 class=\"elementor-heading-title elementor-size-default\">Soluzioni di trasporto<\/h5>\t\t\t\t<\/div>\n\t\t\t\t<div class=\"elementor-element elementor-element-4baaac4b elementor-widget__width-inherit elementor-widget elementor-widget-heading\" data-id=\"4baaac4b\" data-element_type=\"widget\" data-widget_type=\"heading.default\">\n\t\t\t\t\t<h2 class=\"elementor-heading-title elementor-size-default\">Trasporto merci su strada, sicurezza e affidabilit\u00e0<\/h2>\t\t\t\t<\/div>\n\t\t\t\t<div class=\"elementor-element elementor-element-d283642 elementor-widget__width-initial elementor-widget elementor-widget-text-editor\" data-id=\"d283642\" data-element_type=\"widget\" data-widget_type=\"text-editor.default\">\n\t\t\t\t\t\t\t\t\t<p class=\"p1\"><span class=\"s1\">Trasporto merci su strada gestito con <\/span>metodo<span class=\"s1\">, <\/span>sicurezza<span class=\"s1\"> e <\/span>responsabilit\u00e0<span class=\"s1\">, attraverso una <\/span>struttura organizzativa efficiente<span class=\"s1\">, <\/span>personale qualificato<span class=\"s1\"> e <\/span>mezzi costantemente controllati e sottoposti a manutenzione programmata<span class=\"s1\">.<\/span><\/p>\t\t\t\t\t\t\t\t<\/div>\n\t\t\t\t\t<\/div>\n\t\t\t\t<\/div>\n\t\t\t\t\t<\/div>\n\t\t\t\t<\/div>\n\t\t<div class=\"elementor-element elementor-element-ecc664a e-flex e-con-boxed e-con e-parent\" data-id=\"ecc664a\" data-element_type=\"container\" data-settings=\"{&quot;background_background&quot;:&quot;classic&quot;}\">\n\t\t\t\t\t<div class=\"e-con-inner\">\n\t\t\t\t<div class=\"elementor-element elementor-element-6cc679a elementor-widget elementor-widget-spacer\" data-id=\"6cc679a\" data-element_type=\"widget\" data-widget_type=\"spacer.default\">\n\t\t\t\t\t\t\t<div class=\"elementor-spacer\">\n\t\t\t<div class=\"elementor-spacer-inner\"><\/div>\n\t\t<\/div>\n\t\t\t\t\t\t<\/div>\n\t\t\t\t<div class=\"elementor-element elementor-element-387e6ce elementor-widget elementor-widget-heading\" data-id=\"387e6ce\" data-element_type=\"widget\" data-widget_type=\"heading.default\">\n\t\t\t\t\t<h2 class=\"elementor-heading-title elementor-size-default\">Una realt\u00e0 organizzata per la gestione delle attivit\u00e0 di trasporto merci containerizzato in ambito intermodale<\/h2>\t\t\t\t<\/div>\n\t\t\t\t\t<\/div>\n\t\t\t\t<\/div>\n\t\t<div class=\"elementor-element elementor-element-206aeec e-flex e-con-boxed e-con e-parent\" data-id=\"206aeec\" data-element_type=\"container\" data-settings=\"{&quot;background_background&quot;:&quot;classic&quot;}\">\n\t\t\t\t\t<div class=\"e-con-inner\">\n\t\t<div class=\"elementor-element elementor-element-d46adfb e-con-full e-flex e-con e-child\" data-id=\"d46adfb\" data-element_type=\"container\">\n\t\t\t\t<div class=\"elementor-element elementor-element-0a97285 elementor-widget__width-inherit elementor-widget elementor-widget-image\" data-id=\"0a97285\" data-element_type=\"widget\" data-widget_type=\"image.default\">\n\t\t\t\t\t\t\t\t\t\t\t\t\t\t\t<img fetchpriority=\"high\" decoding=\"async\" width=\"768\" height=\"1024\" src=\"https:\/\/lgtautotrasporti.it\/wp-content\/uploads\/2026\/02\/501dae4b-6e82-4161-b549-1bde7bf8948f-768x1024.jpg\" class=\"attachment-large size-large wp-image-868\" alt=\"\" srcset=\"https:\/\/lgtautotrasporti.it\/wp-content\/uploads\/2026\/02\/501dae4b-6e82-4161-b549-1bde7bf8948f-768x1024.jpg 768w, https:\/\/lgtautotrasporti.it\/wp-content\/uploads\/2026\/02\/501dae4b-6e82-4161-b549-1bde7bf8948f-225x300.jpg 225w, https:\/\/lgtautotrasporti.it\/wp-content\/uploads\/2026\/02\/501dae4b-6e82-4161-b549-1bde7bf8948f-1152x1536.jpg 1152w, https:\/\/lgtautotrasporti.it\/wp-content\/uploads\/2026\/02\/501dae4b-6e82-4161-b549-1bde7bf8948f.jpg 1200w\" sizes=\"(max-width: 768px) 100vw, 768px\" \/>\t\t\t\t\t\t\t\t\t\t\t\t\t\t\t<\/div>\n\t\t\t\t<\/div>\n\t\t<div class=\"elementor-element elementor-element-1e845df e-con-full e-flex e-con e-child\" data-id=\"1e845df\" data-element_type=\"container\">\n\t\t\t\t<div class=\"elementor-element elementor-element-090f379 elementor-widget-mobile__width-initial elementor-widget elementor-widget-text-editor\" data-id=\"090f379\" data-element_type=\"widget\" data-widget_type=\"text-editor.default\">\n\t\t\t\t\t\t\t\t\t<p class=\"p1\"><span class=\"s1\">LGT Autotrasporti Laverde<\/span><span class=\"s2\"> opera nel <\/span>trasporto merci su strada<span class=\"s2\">, con focus principale sulla <\/span>movimentazione di container in ambito intermodale<span class=\"s2\">.<\/span><\/p><p class=\"p1\"><span class=\"s2\">L\u2019attivit\u00e0 viene svolta attraverso un\u2019<\/span>organizzazione strutturata<span class=\"s2\">, <\/span>personale qualificato<span class=\"s2\"> e una <\/span>flotta moderna<span class=\"s2\">, costantemente <\/span>monitorata<span class=\"s2\"> e sottoposta a <\/span>manutenzione programmata<span class=\"s2\">.<\/span><\/p><p class=\"p1\"><span class=\"s2\">L\u2019azienda opera secondo <\/span>procedure definite e standardizzate<span class=\"s2\">, ponendo particolare attenzione alla <\/span>sicurezza delle persone<span class=\"s2\">, al <\/span>rispetto delle normative vigenti<span class=\"s2\"> e alla <\/span>riduzione dell\u2019impatto ambientale<span class=\"s2\">.<\/span><\/p>\t\t\t\t\t\t\t\t<\/div>\n\t\t\t\t<\/div>\n\t\t\t\t\t<\/div>\n\t\t\t\t<\/div>\n\t\t<div class=\"elementor-element elementor-element-92781e2 e-flex e-con-boxed e-con e-parent\" data-id=\"92781e2\" data-element_type=\"container\" data-settings=\"{&quot;background_background&quot;:&quot;classic&quot;}\">\n\t\t\t\t\t<div class=\"e-con-inner\">\n\t\t\t\t<div class=\"elementor-element elementor-element-bafd299 elementor-widget elementor-widget-spacer\" data-id=\"bafd299\" data-element_type=\"widget\" data-widget_type=\"spacer.default\">\n\t\t\t\t\t\t\t<div class=\"elementor-spacer\">\n\t\t\t<div class=\"elementor-spacer-inner\"><\/div>\n\t\t<\/div>\n\t\t\t\t\t\t<\/div>\n\t\t\t\t\t<\/div>\n\t\t\t\t<\/div>\n\t\t<div class=\"elementor-element elementor-element-656b4d0d e-flex e-con-boxed e-con e-parent\" data-id=\"656b4d0d\" data-element_type=\"container\">\n\t\t\t\t\t<div class=\"e-con-inner\">\n\t\t<div class=\"elementor-element elementor-element-5b9c32ae e-con-full e-flex e-con e-child\" data-id=\"5b9c32ae\" data-element_type=\"container\">\n\t\t\t\t<div class=\"elementor-element elementor-element-e8ec3e6 elementor-widget elementor-widget-heading\" data-id=\"e8ec3e6\" data-element_type=\"widget\" data-widget_type=\"heading.default\">\n\t\t\t\t\t<h5 class=\"elementor-heading-title elementor-size-default\">Affidabilit\u00e0 misurabile<\/h5>\t\t\t\t<\/div>\n\t\t\t\t<div class=\"elementor-element elementor-element-56e28dc2 elementor-widget elementor-widget-heading\" data-id=\"56e28dc2\" data-element_type=\"widget\" data-widget_type=\"heading.default\">\n\t\t\t\t\t<h2 class=\"elementor-heading-title elementor-size-default\">Numeri che riflettono sicurezza, conformit\u00e0 e sostenibilit\u00e0:<\/h2>\t\t\t\t<\/div>\n\t\t\t\t<\/div>\n\t\t<div class=\"elementor-element elementor-element-7870fa97 e-con-full e-flex e-con e-child\" data-id=\"7870fa97\" data-element_type=\"container\">\n\t\t<div class=\"elementor-element elementor-element-22566182 e-con-full e-flex e-con e-child\" data-id=\"22566182\" data-element_type=\"container\">\n\t\t\t\t<div class=\"elementor-element elementor-element-5385e0c8 elementor-widget elementor-widget-counter\" data-id=\"5385e0c8\" data-element_type=\"widget\" data-widget_type=\"counter.default\">\n\t\t\t\t\t\t\t<div class=\"elementor-counter\">\n\t\t\t\t\t\t<div class=\"elementor-counter-number-wrapper\">\n\t\t\t\t<span class=\"elementor-counter-number-prefix\">+<\/span>\n\t\t\t\t<span class=\"elementor-counter-number\" data-duration=\"2000\" data-to-value=\"65\" data-from-value=\"0\" data-delimiter=\",\">0<\/span>\n\t\t\t\t<span class=\"elementor-counter-number-suffix\"><\/span>\n\t\t\t<\/div>\n\t\t<\/div>\n\t\t\t\t\t\t<\/div>\n\t\t\t\t<div class=\"elementor-element elementor-element-498d0068 elementor-widget elementor-widget-heading\" data-id=\"498d0068\" data-element_type=\"widget\" data-widget_type=\"heading.default\">\n\t\t\t\t\t<h2 class=\"elementor-heading-title elementor-size-default\">Autisti professionisti<\/h2>\t\t\t\t<\/div>\n\t\t\t\t<div class=\"elementor-element elementor-element-1e52f62f elementor-widget elementor-widget-text-editor\" data-id=\"1e52f62f\" data-element_type=\"widget\" data-widget_type=\"text-editor.default\">\n\t\t\t\t\t\t\t\t\t<p>Autisti professionisti qualificati, formati e aggiornati secondo la normativa di riferimento.<\/p>\t\t\t\t\t\t\t\t<\/div>\n\t\t\t\t<div class=\"elementor-element elementor-element-34ae721 elementor-widget elementor-widget-spacer\" data-id=\"34ae721\" data-element_type=\"widget\" data-widget_type=\"spacer.default\">\n\t\t\t\t\t\t\t<div class=\"elementor-spacer\">\n\t\t\t<div class=\"elementor-spacer-inner\"><\/div>\n\t\t<\/div>\n\t\t\t\t\t\t<\/div>\n\t\t\t\t<\/div>\n\t\t<div class=\"elementor-element elementor-element-6fa7fd8a e-con-full e-flex e-con e-child\" data-id=\"6fa7fd8a\" data-element_type=\"container\">\n\t\t\t\t<div class=\"elementor-element elementor-element-3d991f14 elementor-widget elementor-widget-counter\" data-id=\"3d991f14\" data-element_type=\"widget\" data-widget_type=\"counter.default\">\n\t\t\t\t\t\t\t<div class=\"elementor-counter\">\n\t\t\t\t\t\t<div class=\"elementor-counter-number-wrapper\">\n\t\t\t\t<span class=\"elementor-counter-number-prefix\"><\/span>\n\t\t\t\t<span class=\"elementor-counter-number\" data-duration=\"2000\" data-to-value=\"100\" data-from-value=\"0\" data-delimiter=\",\">0<\/span>\n\t\t\t\t<span class=\"elementor-counter-number-suffix\">%<\/span>\n\t\t\t<\/div>\n\t\t<\/div>\n\t\t\t\t\t\t<\/div>\n\t\t\t\t<div class=\"elementor-element elementor-element-12d737d elementor-widget elementor-widget-heading\" data-id=\"12d737d\" data-element_type=\"widget\" data-widget_type=\"heading.default\">\n\t\t\t\t\t<h2 class=\"elementor-heading-title elementor-size-default\">Flotta di ultima generazione<\/h2>\t\t\t\t<\/div>\n\t\t\t\t<div class=\"elementor-element elementor-element-37e92de2 elementor-widget elementor-widget-text-editor\" data-id=\"37e92de2\" data-element_type=\"widget\" data-widget_type=\"text-editor.default\">\n\t\t\t\t\t\t\t\t\t<p>La flotta \u00e8 composta interamente da veicoli Euro 6 di ultima generazione, conformi agli standard europei pi\u00f9 recenti in materia di emissioni. Attraverso manutenzione programmata e sistemi di monitoraggio dei consumi, l\u2019azienda garantisce efficienza operativa e controllo dell\u2019impatto ambientale.<\/p>\t\t\t\t\t\t\t\t<\/div>\n\t\t\t\t<\/div>\n\t\t<div class=\"elementor-element elementor-element-60f20b13 e-con-full e-flex e-con e-child\" data-id=\"60f20b13\" data-element_type=\"container\">\n\t\t\t\t<div class=\"elementor-element elementor-element-31f81179 elementor-widget elementor-widget-counter\" data-id=\"31f81179\" data-element_type=\"widget\" data-widget_type=\"counter.default\">\n\t\t\t\t\t\t\t<div class=\"elementor-counter\">\n\t\t\t\t\t\t<div class=\"elementor-counter-number-wrapper\">\n\t\t\t\t<span class=\"elementor-counter-number-prefix\">+<\/span>\n\t\t\t\t<span class=\"elementor-counter-number\" data-duration=\"2000\" data-to-value=\"15\" data-from-value=\"0\" data-delimiter=\",\">0<\/span>\n\t\t\t\t<span class=\"elementor-counter-number-suffix\">%<\/span>\n\t\t\t<\/div>\n\t\t<\/div>\n\t\t\t\t\t\t<\/div>\n\t\t\t\t<div class=\"elementor-element elementor-element-295bc0e elementor-widget elementor-widget-heading\" data-id=\"295bc0e\" data-element_type=\"widget\" data-widget_type=\"heading.default\">\n\t\t\t\t\t<h2 class=\"elementor-heading-title elementor-size-default\">Mezzi alimentati a LNG<\/h2>\t\t\t\t<\/div>\n\t\t\t\t<div class=\"elementor-element elementor-element-3e60552f elementor-widget elementor-widget-text-editor\" data-id=\"3e60552f\" data-element_type=\"widget\" data-widget_type=\"text-editor.default\">\n\t\t\t\t\t\t\t\t\t<p><span style=\"caret-color: #000000; color: #000000; font-family: var( --e-global-typography-text-font-family ), Sans-serif; font-size: var( --e-global-typography-text-font-size ); text-align: var(--text-align);\">Riduzione CO\u2082 al -20% e zero emissioni di azoto e particolato.<\/span><\/p>\t\t\t\t\t\t\t\t<\/div>\n\t\t\t\t<div class=\"elementor-element elementor-element-c0cece3 elementor-widget elementor-widget-spacer\" data-id=\"c0cece3\" data-element_type=\"widget\" data-widget_type=\"spacer.default\">\n\t\t\t\t\t\t\t<div class=\"elementor-spacer\">\n\t\t\t<div class=\"elementor-spacer-inner\"><\/div>\n\t\t<\/div>\n\t\t\t\t\t\t<\/div>\n\t\t\t\t<\/div>\n\t\t\t\t<\/div>\n\t\t\t\t\t<\/div>\n\t\t\t\t<\/div>\n\t\t<div class=\"elementor-element elementor-element-192344c e-flex e-con-boxed e-con e-parent\" data-id=\"192344c\" data-element_type=\"container\">\n\t\t\t\t\t<div class=\"e-con-inner\">\n\t\t\t\t<div class=\"elementor-element elementor-element-f30839f elementor-widget elementor-widget-heading\" data-id=\"f30839f\" data-element_type=\"widget\" data-widget_type=\"heading.default\">\n\t\t\t\t\t<h2 class=\"elementor-heading-title elementor-size-default\">L'impegno per un trasporto sostenibile<\/h2>\t\t\t\t<\/div>\n\t\t\t\t\t<\/div>\n\t\t\t\t<\/div>\n\t\t<div class=\"elementor-element elementor-element-cad57af e-grid e-con-boxed e-con e-parent\" data-id=\"cad57af\" data-element_type=\"container\">\n\t\t\t\t\t<div class=\"e-con-inner\">\n\t\t\t\t<div class=\"elementor-element elementor-element-2af718e elementor-widget elementor-widget-text-editor\" data-id=\"2af718e\" data-element_type=\"widget\" data-widget_type=\"text-editor.default\">\n\t\t\t\t\t\t\t\t\t<p class=\"p1\"><span class=\"s1\">L\u2019azienda investe in modo <\/span>strutturale<span class=\"s1\"> in una <\/span>gestione pi\u00f9 efficiente<span class=\"s1\"> e a <\/span>minore impatto ambientale<span class=\"s1\">, integrando <\/span>soluzioni tecnologiche avanzate<span class=\"s1\"> in grado di generare <\/span>benefici misurabili<span class=\"s1\"> sia sul piano <\/span>operativo<span class=\"s1\"> sia su quello <\/span>ambientale<span class=\"s1\">.<\/span><\/p><p class=\"p1\"><span class=\"s1\">La <\/span>flotta di ultima generazione<span class=\"s1\"> comprende <\/span>oltre 10 mezzi alimentati a LNG (Liquefied Natural Gas)<span class=\"s1\">, una scelta strategica che consente di <\/span>ridurre significativamente le emissioni<span class=\"s1\"> rispetto ai tradizionali veicoli diesel, mantenendo <\/span>elevati standard di prestazioni, autonomia e affidabilit\u00e0<span class=\"s1\">.<\/span><\/p><p class=\"p1\"><span class=\"s1\">L\u2019adozione della tecnologia <\/span>LNG\/BioGas \u2013 Euro VI<span class=\"s1\"> permette di ottenere risultati concreti: <\/span>\u201320% di CO\u2082<span class=\"s1\">, <\/span>\u201390% di particolato<span class=\"s1\">, <\/span>\u201340% di ossidi di azoto<span class=\"s1\"> e una <\/span>sensibile riduzione della rumorosit\u00e0<span class=\"s1\">, rendendo il trasporto pi\u00f9 <\/span>sostenibile <span class=\"s1\">ed efficiente anche in <\/span>contesti urbani<span class=\"s1\"> e nelle <\/span>consegne sensibili<span class=\"s1\">.<\/span><\/p><p class=\"p1\"><span class=\"s1\">Il risultato \u00e8 un <\/span>modello operativo solido e scalabile<span class=\"s1\">: <\/span>meno emissioni<span class=\"s1\">, <\/span>meno sprechi<span class=\"s1\">, <\/span>tempi di consegna invariati<span class=\"s1\"> e <\/span>massima affidabilit\u00e0 per i clienti<span class=\"s1\">.<\/span><\/p><p class=\"p3\">Per l\u2019azienda, la <span class=\"s2\">sostenibilit\u00e0<\/span> non \u00e8 un obiettivo dichiarato, ma una <span class=\"s2\">leva concreta di performance<\/span>.<\/p>\t\t\t\t\t\t\t\t<\/div>\n\t\t\t\t<div class=\"elementor-element elementor-element-f25cc76 elementor-widget elementor-widget-image\" data-id=\"f25cc76\" data-element_type=\"widget\" data-widget_type=\"image.default\">\n\t\t\t\t\t\t\t\t\t\t\t\t\t\t\t<img decoding=\"async\" width=\"800\" height=\"600\" src=\"https:\/\/lgtautotrasporti.it\/wp-content\/uploads\/2026\/02\/905258b3-a4d3-4d02-8b44-c3e7ad2c9e56-1024x768.webp\" class=\"attachment-large size-large wp-image-511\" alt=\"\" srcset=\"https:\/\/lgtautotrasporti.it\/wp-content\/uploads\/2026\/02\/905258b3-a4d3-4d02-8b44-c3e7ad2c9e56-1024x768.webp 1024w, https:\/\/lgtautotrasporti.it\/wp-content\/uploads\/2026\/02\/905258b3-a4d3-4d02-8b44-c3e7ad2c9e56-300x225.webp 300w, https:\/\/lgtautotrasporti.it\/wp-content\/uploads\/2026\/02\/905258b3-a4d3-4d02-8b44-c3e7ad2c9e56-768x576.webp 768w, https:\/\/lgtautotrasporti.it\/wp-content\/uploads\/2026\/02\/905258b3-a4d3-4d02-8b44-c3e7ad2c9e56-1536x1152.webp 1536w, https:\/\/lgtautotrasporti.it\/wp-content\/uploads\/2026\/02\/905258b3-a4d3-4d02-8b44-c3e7ad2c9e56.webp 1600w\" sizes=\"(max-width: 800px) 100vw, 800px\" \/>\t\t\t\t\t\t\t\t\t\t\t\t\t\t\t<\/div>\n\t\t\t\t\t<\/div>\n\t\t\t\t<\/div>\n\t\t<div class=\"elementor-element elementor-element-070af2c e-flex e-con-boxed e-con e-parent\" data-id=\"070af2c\" data-element_type=\"container\">\n\t\t\t\t\t<div class=\"e-con-inner\">\n\t\t\t\t<div class=\"elementor-element elementor-element-ddce693 elementor-widget elementor-widget-spacer\" data-id=\"ddce693\" data-element_type=\"widget\" data-widget_type=\"spacer.default\">\n\t\t\t\t\t\t\t<div class=\"elementor-spacer\">\n\t\t\t<div class=\"elementor-spacer-inner\"><\/div>\n\t\t<\/div>\n\t\t\t\t\t\t<\/div>\n\t\t\t\t\t<\/div>\n\t\t\t\t<\/div>\n\t\t<div class=\"elementor-element elementor-element-21de6c78 e-flex e-con-boxed e-con e-parent\" data-id=\"21de6c78\" data-element_type=\"container\" data-settings=\"{&quot;background_background&quot;:&quot;classic&quot;}\">\n\t\t\t\t\t<div class=\"e-con-inner\">\n\t\t\t\t<div class=\"elementor-element elementor-element-853fcdc elementor-widget elementor-widget-heading\" data-id=\"853fcdc\" data-element_type=\"widget\" data-widget_type=\"heading.default\">\n\t\t\t\t\t<h2 class=\"elementor-heading-title elementor-size-default\">Certificazioni e conformit\u00e0<\/h2>\t\t\t\t<\/div>\n\t\t\t\t<div class=\"elementor-element elementor-element-56eef44 elementor-widget elementor-widget-text-editor\" data-id=\"56eef44\" data-element_type=\"widget\" data-widget_type=\"text-editor.default\">\n\t\t\t\t\t\t\t\t\t<p class=\"p1\"><span class=\"s1\">L&#8217;azienda opera secondo <\/span>standard certificati<span class=\"s1\"> e <\/span>procedure conformi alle normative vigenti<span class=\"s1\">, garantisce elevati livelli di <\/span>sicurezza sul lavoro<span class=\"s1\">, <\/span>formazione continua del personale<span class=\"s1\"> e <\/span>pieno rispetto degli obblighi legislativi e regolatori<span class=\"s1\">.<\/span><\/p><p class=\"p1\"><span class=\"s1\">L\u2019attenzione costante alla <\/span>prevenzione dei rischi<span class=\"s1\">, all\u2019<\/span>aggiornamento professionale<span class=\"s1\"> e al <\/span>miglioramento continuo dei processi<span class=\"s1\"> assicura un ambiente operativo <\/span>affidabile, controllato e conforme<span class=\"s1\">, a tutela di <\/span>collaboratori, clienti e partner<span class=\"s1\">.<\/span><\/p>\t\t\t\t\t\t\t\t<\/div>\n\t\t\t\t<div class=\"elementor-element elementor-element-2fc1187 elementor-align-center elementor-widget elementor-widget-elementskit-button\" data-id=\"2fc1187\" data-element_type=\"widget\" data-widget_type=\"elementskit-button.default\">\n\t\t\t\t\t<div class=\"ekit-wid-con\" >\t\t<div class=\"ekit-btn-wraper\">\n\t\t\t\t\t\t\t<a href=\"https:\/\/lgtautotrasporti.it\/?page_id=24\" class=\"elementskit-btn  whitespace--normal\" id=\"\">\n\t\t\t\t\tVai alle certificazioni\t\t\t\t<\/a>\n\t\t\t\t\t<\/div>\n        <\/div>\t\t\t\t<\/div>\n\t\t\t\t\t<\/div>\n\t\t\t\t<\/div>\n\t\t<div class=\"elementor-element elementor-element-68e72429 e-flex e-con-boxed e-con e-parent\" data-id=\"68e72429\" data-element_type=\"container\" data-settings=\"{&quot;background_background&quot;:&quot;classic&quot;}\">\n\t\t\t\t\t<div class=\"e-con-inner\">\n\t\t\t\t\t<\/div>\n\t\t\t\t<\/div>\n\t\t\t\t<\/div>\n\t\t","protected":false},"excerpt":{"rendered":"<p>Il futuro del trasporto passa da efficienza e sostenibilit\u00e0 Soluzioni di trasporto Trasporto merci su strada, sicurezza e affidabilit\u00e0 Trasporto merci su strada gestito con metodo, sicurezza e responsabilit\u00e0, attraverso una struttura organizzativa efficiente, personale qualificato e mezzi costantemente controllati e sottoposti a manutenzione programmata. Una realt\u00e0 organizzata per la gestione delle attivit\u00e0 di trasporto [&hellip;]<\/p>\n","protected":false},"author":2,"featured_media":0,"parent":0,"menu_order":0,"comment_status":"closed","ping_status":"closed","template":"","meta":{"postBodyCss":"","postBodyMargin":[],"postBodyPadding":[],"postBodyBackground":{"backgroundType":"classic","gradient":""},"footnotes":""},"class_list":["post-18","page","type-page","status-publish","hentry"],"_links":{"self":[{"href":"https:\/\/lgtautotrasporti.it\/index.php?rest_route=\/wp\/v2\/pages\/18","targetHints":{"allow":["GET"]}}],"collection":[{"href":"https:\/\/lgtautotrasporti.it\/index.php?rest_route=\/wp\/v2\/pages"}],"about":[{"href":"https:\/\/lgtautotrasporti.it\/index.php?rest_route=\/wp\/v2\/types\/page"}],"author":[{"embeddable":true,"href":"https:\/\/lgtautotrasporti.it\/index.php?rest_route=\/wp\/v2\/users\/2"}],"replies":[{"embeddable":true,"href":"https:\/\/lgtautotrasporti.it\/index.php?rest_route=%2Fwp%2Fv2%2Fcomments&post=18"}],"version-history":[{"count":248,"href":"https:\/\/lgtautotrasporti.it\/index.php?rest_route=\/wp\/v2\/pages\/18\/revisions"}],"predecessor-version":[{"id":1060,"href":"https:\/\/lgtautotrasporti.it\/index.php?rest_route=\/wp\/v2\/pages\/18\/revisions\/1060"}],"wp:attachment":[{"href":"https:\/\/lgtautotrasporti.it\/index.php?rest_route=%2Fwp%2Fv2%2Fmedia&parent=18"}],"curies":[{"name":"wp","href":"https:\/\/api.w.org\/{rel}","templated":true}]}}