{"id":24,"date":"2025-12-10T16:30:01","date_gmt":"2025-12-10T16:30:01","guid":{"rendered":"https:\/\/lgtautotrasporti.it\/?page_id=24"},"modified":"2026-03-12T08:26:29","modified_gmt":"2026-03-12T08:26:29","slug":"certificazioni","status":"publish","type":"page","link":"https:\/\/lgtautotrasporti.it\/?page_id=24","title":{"rendered":"Certificazioni"},"content":{"rendered":"\t\t<div data-elementor-type=\"wp-page\" data-elementor-id=\"24\" class=\"elementor elementor-24\">\n\t\t\t\t<div class=\"elementor-element elementor-element-3f00e838 e-flex e-con-boxed e-con e-parent\" data-id=\"3f00e838\" data-element_type=\"container\" data-settings=\"{&quot;background_background&quot;:&quot;classic&quot;}\">\n\t\t\t\t\t<div class=\"e-con-inner\">\n\t\t<div class=\"elementor-element elementor-element-67b07d6 e-con-full e-flex e-con e-child\" data-id=\"67b07d6\" data-element_type=\"container\">\n\t\t\t\t<div class=\"elementor-element elementor-element-18001e7 elementor-widget elementor-widget-heading\" data-id=\"18001e7\" data-element_type=\"widget\" data-widget_type=\"heading.default\">\n\t\t\t\t\t<h2 class=\"elementor-heading-title elementor-size-default\">Certificazioni<\/h2>\t\t\t\t<\/div>\n\t\t\t\t<div class=\"elementor-element elementor-element-d69e70e elementor-widget elementor-widget-spacer\" data-id=\"d69e70e\" data-element_type=\"widget\" data-widget_type=\"spacer.default\">\n\t\t\t\t\t\t\t<div class=\"elementor-spacer\">\n\t\t\t<div class=\"elementor-spacer-inner\"><\/div>\n\t\t<\/div>\n\t\t\t\t\t\t<\/div>\n\t\t\t\t<\/div>\n\t\t\t\t\t<\/div>\n\t\t\t\t<\/div>\n\t\t<div class=\"elementor-element elementor-element-55205380 e-flex e-con-boxed e-con e-parent\" data-id=\"55205380\" data-element_type=\"container\">\n\t\t\t\t\t<div class=\"e-con-inner\">\n\t\t<div class=\"elementor-element elementor-element-1f8942a0 e-con-full e-flex e-con e-child\" data-id=\"1f8942a0\" data-element_type=\"container\">\n\t\t\t\t<div class=\"elementor-element elementor-element-21bef874 elementor-widget elementor-widget-heading\" data-id=\"21bef874\" data-element_type=\"widget\" data-widget_type=\"heading.default\">\n\t\t\t\t\t<h2 class=\"elementor-heading-title elementor-size-default\">Certificazioni e <br>conformit\u00e0<\/h2>\t\t\t\t<\/div>\n\t\t\t\t<\/div>\n\t\t<div class=\"elementor-element elementor-element-722101f e-con-full e-flex e-con e-child\" data-id=\"722101f\" data-element_type=\"container\">\n\t\t\t\t<div class=\"elementor-element elementor-element-855a6e8 elementor-widget elementor-widget-text-editor\" data-id=\"855a6e8\" data-element_type=\"widget\" data-widget_type=\"text-editor.default\">\n\t\t\t\t\t\t\t\t\t<p>Le certificazioni e i modelli organizzativi adottati confermano l\u2019impegno di LGT Autotrasporti Laverde nel pianificare e gestire le attivit\u00e0 di trasporto secondo criteri rigorosi di sicurezza, responsabilit\u00e0 e rispetto della normativa vigente, attraverso processi definiti, verificabili e costantemente monitorati in ogni fase operativa.<\/p><p>In questa sezione sono disponibili certificazioni e principali documenti di riferimento che descrivono sistemi di gestione, procedure e protocolli interni. Tali strumenti prevedono verifiche periodiche, controlli tracciabili e attivit\u00e0 di formazione e aggiornamento, con l\u2019obiettivo di garantire coerenza operativa, tutela delle persone, prevenzione e riduzione dei rischi, nonch\u00e9 trasparenza nello svolgimento delle attivit\u00e0, a beneficio di clienti e collaboratori.<\/p>\t\t\t\t\t\t\t\t<\/div>\n\t\t\t\t<\/div>\n\t\t\t\t\t<\/div>\n\t\t\t\t<\/div>\n\t\t<div class=\"elementor-element elementor-element-1ca9b7d7 e-flex e-con-boxed e-con e-parent\" data-id=\"1ca9b7d7\" data-element_type=\"container\" data-settings=\"{&quot;background_background&quot;:&quot;classic&quot;}\">\n\t\t\t\t\t<div class=\"e-con-inner\">\n\t\t<div class=\"elementor-element elementor-element-21ef3dfa e-con-full e-flex e-con e-child\" data-id=\"21ef3dfa\" data-element_type=\"container\">\n\t\t\t\t<div class=\"elementor-element elementor-element-7abd7fc2 elementor-widget elementor-widget-heading\" data-id=\"7abd7fc2\" data-element_type=\"widget\" data-widget_type=\"heading.default\">\n\t\t\t\t\t<h2 class=\"elementor-heading-title elementor-size-default\">Certificazione ISO<\/h2>\t\t\t\t<\/div>\n\t\t\t\t<div class=\"elementor-element elementor-element-4bf05898 elementor-widget elementor-widget-text-editor\" data-id=\"4bf05898\" data-element_type=\"widget\" data-widget_type=\"text-editor.default\">\n\t\t\t\t\t\t\t\t\t<p>L\u2019azienda \u00e8 certificata ISO 45001, lo standard internazionale per i sistemi di gestione della salute e sicurezza sul lavoro. Questa certificazione conferma l\u2019adozione di un modello strutturato per la prevenzione degli infortuni e delle situazioni potenzialmente pericolose, con una gestione sistematica dei rischi e un\u2019impostazione orientata al miglioramento continuo.<\/p><p>Il sistema adottato prevede procedure strutturate, ruoli e responsabilit\u00e0 formalizzati e controlli periodici, con evidenze documentali che assicurano la tracciabilit\u00e0 delle attivit\u00e0 e dei risultati. La formazione continua e l\u2019aggiornamento del personale contribuiscono a mantenere standard adeguati e un approccio coerente in ogni fase operativa.<\/p><p>Di seguito sono disponibili la Politica per la Salute e Sicurezza sul Lavoro e il certificato ufficiale ISO 45001, consultabili e scaricabili.<\/p>\t\t\t\t\t\t\t\t<\/div>\n\t\t<div class=\"elementor-element elementor-element-40c7fdf e-grid e-con-full e-con e-child\" data-id=\"40c7fdf\" data-element_type=\"container\">\n\t\t\t\t<div class=\"elementor-element elementor-element-86da899 elementor-widget__width-initial elementor-align--tabletcenter elementor-align-center elementor-widget elementor-widget-elementskit-button\" data-id=\"86da899\" data-element_type=\"widget\" data-widget_type=\"elementskit-button.default\">\n\t\t\t\t\t<div class=\"ekit-wid-con\" >\t\t<div class=\"ekit-btn-wraper\">\n\t\t\t\t\t\t\t<a href=\"https:\/\/lgtautotrasporti.it\/wp-content\/uploads\/2026\/03\/Certificato-LGT-AUTOTRASPORTI-LAVERDE-IT21-17604C-R1-2024.pdf\" class=\"elementskit-btn  whitespace--normal\" id=\"\">\n\t\t\t\t\tCertificato ISO\t\t\t\t<\/a>\n\t\t\t\t\t<\/div>\n        <\/div>\t\t\t\t<\/div>\n\t\t\t\t<div class=\"elementor-element elementor-element-a0451cb elementor-widget__width-initial elementor-align-center elementor-widget elementor-widget-elementskit-button\" data-id=\"a0451cb\" data-element_type=\"widget\" data-widget_type=\"elementskit-button.default\">\n\t\t\t\t\t<div class=\"ekit-wid-con\" >\t\t<div class=\"ekit-btn-wraper\">\n\t\t\t\t\t\t\t<a href=\"https:\/\/lgtautotrasporti.it\/wp-content\/uploads\/2026\/03\/Politica-ed-Obiettivi-per-la-SSL.pdf\" class=\"elementskit-btn  whitespace--normal\" id=\"\">\n\t\t\t\t\tPolitica della salute e sicurezza del lavoro\t\t\t\t<\/a>\n\t\t\t\t\t<\/div>\n        <\/div>\t\t\t\t<\/div>\n\t\t\t\t<\/div>\n\t\t\t\t<\/div>\n\t\t<div class=\"elementor-element elementor-element-353a00bd e-con-full e-flex e-con e-child\" data-id=\"353a00bd\" data-element_type=\"container\" data-settings=\"{&quot;background_background&quot;:&quot;classic&quot;}\">\n\t\t\t\t<div class=\"elementor-element elementor-element-801e591 elementor-widget elementor-widget-spacer\" data-id=\"801e591\" data-element_type=\"widget\" data-widget_type=\"spacer.default\">\n\t\t\t\t\t\t\t<div class=\"elementor-spacer\">\n\t\t\t<div class=\"elementor-spacer-inner\"><\/div>\n\t\t<\/div>\n\t\t\t\t\t\t<\/div>\n\t\t\t\t<div class=\"elementor-element elementor-element-605b1fd elementor-widget__width-initial elementor-widget elementor-widget-heading\" data-id=\"605b1fd\" data-element_type=\"widget\" data-widget_type=\"heading.default\">\n\t\t\t\t\t<h2 class=\"elementor-heading-title elementor-size-default\">Informazioni di contatto<\/h2>\t\t\t\t<\/div>\n\t\t\t\t<div class=\"elementor-element elementor-element-1968455 elementor-widget__width-initial elementor-icon-list--layout-traditional elementor-list-item-link-full_width elementor-widget elementor-widget-icon-list\" data-id=\"1968455\" data-element_type=\"widget\" data-widget_type=\"icon-list.default\">\n\t\t\t\t\t\t\t<ul class=\"elementor-icon-list-items\">\n\t\t\t\t\t\t\t<li class=\"elementor-icon-list-item\">\n\t\t\t\t\t\t\t\t\t\t\t<a href=\"http:\/\/+39%200362%20915184\">\n\n\t\t\t\t\t\t\t\t\t\t\t\t<span class=\"elementor-icon-list-icon\">\n\t\t\t\t\t\t\t<svg aria-hidden=\"true\" class=\"e-font-icon-svg e-fas-phone-alt\" viewBox=\"0 0 512 512\" xmlns=\"http:\/\/www.w3.org\/2000\/svg\"><path d=\"M497.39 361.8l-112-48a24 24 0 0 0-28 6.9l-49.6 60.6A370.66 370.66 0 0 1 130.6 204.11l60.6-49.6a23.94 23.94 0 0 0 6.9-28l-48-112A24.16 24.16 0 0 0 122.6.61l-104 24A24 24 0 0 0 0 48c0 256.5 207.9 464 464 464a24 24 0 0 0 23.4-18.6l24-104a24.29 24.29 0 0 0-14.01-27.6z\"><\/path><\/svg>\t\t\t\t\t\t<\/span>\n\t\t\t\t\t\t\t\t\t\t<span class=\"elementor-icon-list-text\">0362 915184<\/span>\n\t\t\t\t\t\t\t\t\t\t\t<\/a>\n\t\t\t\t\t\t\t\t\t<\/li>\n\t\t\t\t\t\t\t\t<li class=\"elementor-icon-list-item\">\n\t\t\t\t\t\t\t\t\t\t\t<a href=\"mailto:segreteria@lgtautotrasporti.it\">\n\n\t\t\t\t\t\t\t\t\t\t\t\t<span class=\"elementor-icon-list-icon\">\n\t\t\t\t\t\t\t<svg class=\"ekit-svg-icon icon-email\" viewBox=\"0 0 32 32\" xmlns=\"http:\/\/www.w3.org\/2000\/svg\"><path d=\"M31.763 13.855l0-0-4.086-2.709v-9.055c0-0.293-0.237-0.53-0.53-0.53h-22.294c-0.293 0-0.53 0.237-0.53 0.53v9.055l-4.085 2.708c-0.143 0.095-0.237 0.257-0.237 0.442v16.413c0 0.293 0.237 0.53 0.53 0.53h30.94c0.293 0 0.53-0.237 0.53-0.53v-16.413c0-0.184-0.094-0.347-0.237-0.442zM4.323 15.708l-1.662-0.882h1.662v0.882zM1.060 15.177l12.188 6.465-12.188 8.079v-14.544zM16 21.090l13.712 9.089h-27.423l13.712-9.089zM18.752 21.643l12.188-6.465v14.544l-12.188-8.079zM27.677 14.826h1.663l-1.663 0.882v-0.882zM29.711 13.766h-2.035v-1.349l2.035 1.349zM26.617 2.621v13.65l-8.87 4.705-1.454-0.964c-0.177-0.118-0.408-0.118-0.586 0l-1.454 0.964-8.871-4.706v-13.649h21.234zM4.323 13.766h-2.034l2.034-1.348v1.348zM16 15.499h4.223c0.293 0 0.53-0.237 0.53-0.53s-0.237-0.53-0.53-0.53h-4.223c-2.036 0-3.693-1.656-3.693-3.693v-0.156c0-2.036 1.656-3.693 3.693-3.693s3.693 1.656 3.693 3.693v0.391c0 0.441-0.359 0.799-0.799 0.799s-0.799-0.359-0.799-0.799v-0.743c0-1.262-1.027-2.289-2.289-2.289s-2.289 1.027-2.289 2.289c0 1.262 1.027 2.289 2.289 2.289 0.577 0 1.105-0.215 1.508-0.569 0.328 0.529 0.914 0.882 1.581 0.882 1.025 0 1.859-0.834 1.859-1.859v-0.391c0-2.621-2.132-4.753-4.753-4.753s-4.753 2.132-4.753 4.753v0.156c0 2.621 2.132 4.753 4.753 4.753zM15.804 11.468c-0.678 0-1.229-0.551-1.229-1.229s0.552-1.229 1.229-1.229 1.229 0.552 1.229 1.229-0.551 1.229-1.229 1.229z\"><\/path><\/svg>\t\t\t\t\t\t<\/span>\n\t\t\t\t\t\t\t\t\t\t<span class=\"elementor-icon-list-text\">segreteria@lgtautotrasporti.it<\/span>\n\t\t\t\t\t\t\t\t\t\t\t<\/a>\n\t\t\t\t\t\t\t\t\t<\/li>\n\t\t\t\t\t\t\t\t<li class=\"elementor-icon-list-item\">\n\t\t\t\t\t\t\t\t\t\t\t<span class=\"elementor-icon-list-icon\">\n\t\t\t\t\t\t\t<svg aria-hidden=\"true\" class=\"e-font-icon-svg e-fas-map-marker-alt\" viewBox=\"0 0 384 512\" xmlns=\"http:\/\/www.w3.org\/2000\/svg\"><path d=\"M172.268 501.67C26.97 291.031 0 269.413 0 192 0 85.961 85.961 0 192 0s192 85.961 192 192c0 77.413-26.97 99.031-172.268 309.67-9.535 13.774-29.93 13.773-39.464 0zM192 272c44.183 0 80-35.817 80-80s-35.817-80-80-80-80 35.817-80 80 35.817 80 80 80z\"><\/path><\/svg>\t\t\t\t\t\t<\/span>\n\t\t\t\t\t\t\t\t\t\t<span class=\"elementor-icon-list-text\">Via Mascherpa 14, 20841 Carate Brianza (MB)<\/span>\n\t\t\t\t\t\t\t\t\t<\/li>\n\t\t\t\t\t\t<\/ul>\n\t\t\t\t\t\t<\/div>\n\t\t\t\t<div class=\"elementor-element elementor-element-aa31c56 elementor-widget elementor-widget-spacer\" data-id=\"aa31c56\" data-element_type=\"widget\" data-widget_type=\"spacer.default\">\n\t\t\t\t\t\t\t<div class=\"elementor-spacer\">\n\t\t\t<div class=\"elementor-spacer-inner\"><\/div>\n\t\t<\/div>\n\t\t\t\t\t\t<\/div>\n\t\t\t\t<\/div>\n\t\t\t\t\t<\/div>\n\t\t\t\t<\/div>\n\t\t<div class=\"elementor-element elementor-element-32b725e1 e-flex e-con-boxed e-con e-parent\" data-id=\"32b725e1\" data-element_type=\"container\" data-settings=\"{&quot;background_background&quot;:&quot;classic&quot;}\">\n\t\t\t\t\t<div class=\"e-con-inner\">\n\t\t\t\t<div class=\"elementor-element elementor-element-ff64d56 elementor-widget elementor-widget-heading\" data-id=\"ff64d56\" data-element_type=\"widget\" data-widget_type=\"heading.default\">\n\t\t\t\t\t<h1 class=\"elementor-heading-title elementor-size-default\">Procedura di Whistleblowing<\/h1>\t\t\t\t<\/div>\n\t\t\t\t<div class=\"elementor-element elementor-element-23952b1 elementor-widget-tablet__width-initial elementor-widget elementor-widget-text-editor\" data-id=\"23952b1\" data-element_type=\"widget\" data-widget_type=\"text-editor.default\">\n\t\t\t\t\t\t\t\t\t<p>In conformit\u00e0 alla normativa vigente in materia di whistleblowing, l\u2019azienda ha attivato un canale dedicato e riservato per la segnalazione di eventuali irregolarit\u00e0, violazioni o comportamenti non conformi ai principi aziendali e alle disposizioni di legge.<\/p><p>Il canale \u00e8 progettato per tutelare la riservatezza del segnalante e delle persone coinvolte e per prevenire ritorsioni o discriminazioni, assicurando una gestione delle segnalazioni imparziale, documentata e tracciabile. L\u2019invio della segnalazione avviene tramite il pulsante dedicato disponibile in questa sezione.<\/p>\t\t\t\t\t\t\t\t<\/div>\n\t\t\t\t<div class=\"elementor-element elementor-element-9254ec5 elementor-align-center elementor-widget elementor-widget-elementskit-button\" data-id=\"9254ec5\" data-element_type=\"widget\" data-widget_type=\"elementskit-button.default\">\n\t\t\t\t\t<div class=\"ekit-wid-con\" >\t\t<div class=\"ekit-btn-wraper\">\n\t\t\t\t\t\t\t<a href=\"https:\/\/lgtautotrasportilaverde.legalwb.it\" class=\"elementskit-btn  whitespace--normal\" id=\"\">\n\t\t\t\t\tAccedi alla piattaforma di segnalazione\t\t\t\t<\/a>\n\t\t\t\t\t<\/div>\n        <\/div>\t\t\t\t<\/div>\n\t\t\t\t\t<\/div>\n\t\t\t\t<\/div>\n\t\t\t\t<\/div>\n\t\t","protected":false},"excerpt":{"rendered":"<p>Certificazioni Certificazioni e conformit\u00e0 Le certificazioni e i modelli organizzativi adottati confermano l\u2019impegno di LGT Autotrasporti Laverde nel pianificare e gestire le attivit\u00e0 di trasporto secondo criteri rigorosi di sicurezza, responsabilit\u00e0 e rispetto della normativa vigente, attraverso processi definiti, verificabili e costantemente monitorati in ogni fase operativa. In questa sezione sono disponibili certificazioni e principali [&hellip;]<\/p>\n","protected":false},"author":2,"featured_media":0,"parent":0,"menu_order":0,"comment_status":"closed","ping_status":"closed","template":"","meta":{"postBodyCss":"","postBodyMargin":[],"postBodyPadding":[],"postBodyBackground":{"backgroundType":"classic","gradient":""},"footnotes":""},"class_list":["post-24","page","type-page","status-publish","hentry"],"_links":{"self":[{"href":"https:\/\/lgtautotrasporti.it\/index.php?rest_route=\/wp\/v2\/pages\/24","targetHints":{"allow":["GET"]}}],"collection":[{"href":"https:\/\/lgtautotrasporti.it\/index.php?rest_route=\/wp\/v2\/pages"}],"about":[{"href":"https:\/\/lgtautotrasporti.it\/index.php?rest_route=\/wp\/v2\/types\/page"}],"author":[{"embeddable":true,"href":"https:\/\/lgtautotrasporti.it\/index.php?rest_route=\/wp\/v2\/users\/2"}],"replies":[{"embeddable":true,"href":"https:\/\/lgtautotrasporti.it\/index.php?rest_route=%2Fwp%2Fv2%2Fcomments&post=24"}],"version-history":[{"count":151,"href":"https:\/\/lgtautotrasporti.it\/index.php?rest_route=\/wp\/v2\/pages\/24\/revisions"}],"predecessor-version":[{"id":1057,"href":"https:\/\/lgtautotrasporti.it\/index.php?rest_route=\/wp\/v2\/pages\/24\/revisions\/1057"}],"wp:attachment":[{"href":"https:\/\/lgtautotrasporti.it\/index.php?rest_route=%2Fwp%2Fv2%2Fmedia&parent=24"}],"curies":[{"name":"wp","href":"https:\/\/api.w.org\/{rel}","templated":true}]}}